{"id":14640,"date":"2025-04-23T18:35:59","date_gmt":"2025-04-23T18:35:59","guid":{"rendered":"https:\/\/preview.tutorlms.com\/marketplace\/?page_id=3707"},"modified":"2025-12-05T21:37:56","modified_gmt":"2025-12-06T00:37:56","slug":"home-2","status":"publish","type":"page","link":"https:\/\/josegil.zegil.com.br\/en\/","title":{"rendered":"Home"},"content":{"rendered":"<div data-elementor-type=\"wp-page\" data-elementor-id=\"14640\" class=\"elementor elementor-14640\" data-elementor-post-type=\"page\">\n\t\t\t\t<div class=\"elementor-element elementor-element-d45fe6d e-flex e-con-boxed e-con e-parent\" data-id=\"d45fe6d\" data-element_type=\"container\" id=\"xs_cta_style_2\" data-settings=\"{&quot;background_background&quot;:&quot;classic&quot;}\">\n\t\t\t\t\t<div class=\"e-con-inner\">\n\t\t<div class=\"elementor-element elementor-element-7e2fd7db e-con-full e-flex e-con e-child\" data-id=\"7e2fd7db\" data-element_type=\"container\">\n\t\t\t\t<div class=\"elementor-element elementor-element-2ac7bc9 elementor-widget elementor-widget-heading\" data-id=\"2ac7bc9\" data-element_type=\"widget\" data-widget_type=\"heading.default\">\n\t\t\t\t<div class=\"elementor-widget-container\">\n\t\t\t\t\t<h5 class=\"elementor-heading-title elementor-size-default\">A engenharia se constr\u00f3i um dia de cada vez.<\/h5>\t\t\t\t<\/div>\n\t\t\t\t<\/div>\n\t\t\t\t<div class=\"elementor-element elementor-element-7bcac43 elementor-widget elementor-widget-heading\" data-id=\"7bcac43\" data-element_type=\"widget\" data-widget_type=\"heading.default\">\n\t\t\t\t<div class=\"elementor-widget-container\">\n\t\t\t\t\t<h4 class=\"elementor-heading-title elementor-size-default\">Conte\u00fado de Engenharia para avan\u00e7ar na pr\u00e1tica e na t\u00e9cnica\n<\/h4>\t\t\t\t<\/div>\n\t\t\t\t<\/div>\n\t\t\t\t<div class=\"elementor-element elementor-element-3df1996 elementor-widget elementor-widget-text-editor\" data-id=\"3df1996\" data-element_type=\"widget\" data-widget_type=\"text-editor.default\">\n\t\t\t\t<div class=\"elementor-widget-container\">\n\t\t\t\t\t\t\t\t\t<p>Uma plataforma com conte\u00fados, insights e demonstra\u00e7\u00f5es para quem vive engenharia.<\/p>\t\t\t\t\t\t\t\t<\/div>\n\t\t\t\t<\/div>\n\t\t\t\t<div class=\"elementor-element elementor-element-dad6cbb elementor-align-left elementor-widget__width-auto elementor-mobile-align-left elementor-widget elementor-widget-button\" data-id=\"dad6cbb\" data-element_type=\"widget\" data-widget_type=\"button.default\">\n\t\t\t\t<div class=\"elementor-widget-container\">\n\t\t\t\t\t\t\t\t\t<div class=\"elementor-button-wrapper\">\n\t\t\t\t\t<a class=\"elementor-button elementor-button-link elementor-size-sm\" href=\"https:\/\/josegil.zegil.com.br\/en\/publicacoes-do-blog\/\">\n\t\t\t\t\t\t<span class=\"elementor-button-content-wrapper\">\n\t\t\t\t\t\t\t\t\t<span class=\"elementor-button-text\">Ver \u00daltimos Artigos<\/span>\n\t\t\t\t\t<\/span>\n\t\t\t\t\t<\/a>\n\t\t\t\t<\/div>\n\t\t\t\t\t\t\t\t<\/div>\n\t\t\t\t<\/div>\n\t\t\t\t<\/div>\n\t\t<div class=\"elementor-element elementor-element-820ad97 e-con-full e-flex e-con e-child\" data-id=\"820ad97\" data-element_type=\"container\">\n\t\t\t\t<\/div>\n\t\t\t\t\t<\/div>\n\t\t\t\t<\/div>\n\t\t<div class=\"elementor-element elementor-element-c0a3635 e-flex e-con-boxed e-con e-parent\" data-id=\"c0a3635\" data-element_type=\"container\">\n\t\t\t\t\t<div class=\"e-con-inner\">\n\t\t\t\t<div class=\"elementor-element elementor-element-01ddf5c elementor-widget elementor-widget-heading\" data-id=\"01ddf5c\" data-element_type=\"widget\" data-widget_type=\"heading.default\">\n\t\t\t\t<div class=\"elementor-widget-container\">\n\t\t\t\t\t<h2 class=\"elementor-heading-title elementor-size-default\">Cursos de Engenharia em Destaque\n<\/h2>\t\t\t\t<\/div>\n\t\t\t\t<\/div>\n\t\t\t\t<div class=\"elementor-element elementor-element-34e0391 elementor-widget elementor-widget-text-editor\" data-id=\"34e0391\" data-element_type=\"widget\" data-widget_type=\"text-editor.default\">\n\t\t\t\t<div class=\"elementor-widget-container\">\n\t\t\t\t\t\t\t\t\t<div class=\"wp-block-qubely-text qubely-block-089ac1\"><div class=\"qubely-block-text\"><p>Conte\u00fados pr\u00e1ticos e ferramentas para aprimorar suas habilidades em Engenharia Mec\u00e2nica.<\/p><\/div><\/div>\t\t\t\t\t\t\t\t<\/div>\n\t\t\t\t<\/div>\n\t\t\t\t<div class=\"elementor-element elementor-element-08e34c8 elementor-widget elementor-widget-shortcode\" data-id=\"08e34c8\" data-element_type=\"widget\" data-widget_type=\"shortcode.default\">\n\t\t\t\t<div class=\"elementor-widget-container\">\n\t\t\t\t\t\t\t<div class=\"elementor-shortcode\">\n<div class=\"tutor-wrap tutor-wrap-parent tutor-courses-wrap tutor-container course-archive-page\" data-tutor_courses_meta=\"{&quot;course_filter&quot;:false,&quot;supported_filters&quot;:{&quot;search&quot;:&quot;search&quot;,&quot;category&quot;:&quot;category&quot;},&quot;loop_content_only&quot;:false,&quot;column_per_row&quot;:&quot;3&quot;,&quot;course_per_page&quot;:3,&quot;show_pagination&quot;:false}\">\n\t\n\t<div class=\"tutor-row tutor-gx-xl-5\">\n\t\t\t\t\t<div class=\"tutor-col-12\">\n\t\t\t\t<div class=\"\">\n\t\t\t\t\t\n<!--\n\tNote: Do not remove tutor-course-filter attr. It required by _archive.js for filter function.\n!-->\n<div style=\"text-align: right;\" class=\"tutor-course-filter\" tutor-course-filter>\n\t<form style=\"display: inline-block;\" action=\"\">\n\t\t<select class=\"tutor-form-control tutor-form-select\" name=\"course_order\">\n\t\t\t<option value=\"newest_first\"  >\n\t\t\t\tRelease Date (newest first)\t\t\t<\/option>\n\t\t\t<option value=\"oldest_first\" >\n\t\t\t\tRelease Date (oldest first)\t\t\t<\/option>\n\t\t\t<option value=\"course_title_az\" >\n\t\t\t\tCourse Title (a-z)\t\t\t<\/option>\n\t\t\t<option value=\"course_title_za\" >\n\t\t\t\tCourse Title (z-a)\t\t\t<\/option>\n\t\t<\/select>\n\t<input type=\"hidden\" name=\"trp-form-language\" value=\"en\"\/><\/form>\n<\/div>\n<br\/>\n\t\t\t\t<\/div>\n\t\t\t\t<div class=\"tutor-pagination-wrapper-replaceable\" tutor-course-list-container>\n\t\t\t\t\t<div class=\"tutor-course-list tutor-grid tutor-grid-3\">\n<div class=\"tutor-card tutor-course-card\">\n<div class=\"tutor-course-thumbnail\">\n\t<a href=\"https:\/\/josegil.zegil.com.br\/en\/courses\/matrix-carta-psicrometrica-interativa\/\" class=\"tutor-d-block\">\n\t\t<div class=\"tutor-ratio tutor-ratio-16x9\">\n\t\t\t<img decoding=\"async\" class=\"tutor-card-image-top\" src=\"https:\/\/josegil.zegil.com.br\/wp-content\/uploads\/2025\/12\/CapaCartaPsicro.png\" alt=\"Matrix &#8211; Carta Psicrom\u00e9trica Interativa\" loading=\"lazy\">\n\t\t<\/div>\n\t<\/a>\n\t<\/div>\n<div class=\"tutor-course-bookmark\">\n\t<a href=\"javascript:;\"  class=\"tutor-open-login-modal save-bookmark-btn tutor-iconic-btn tutor-iconic-btn-secondary\" data-course-id=\"14541\">\n\t\t<i class=\"tutor-icon-bookmark-line\"><\/i>\n\t<\/a><\/div>\n\n<div class=\"tutor-card-body\">\n\n<h3 class=\"tutor-course-name tutor-fs-5 tutor-fw-medium\" title=\"Matrix &#8211; Carta Psicrom\u00e9trica Interativa\">\n\t<a href=\"https:\/\/josegil.zegil.com.br\/en\/courses\/matrix-carta-psicrometrica-interativa\/\">Matrix &#8211; Carta Psicrom\u00e9trica Interativa<\/a>\n<\/h3>\n\n\n<div class=\"tutor-meta tutor-mt-auto\">\n\t<div>\n\t\t<a href=\"https:\/\/josegil.zegil.com.br\/en\/profile\/josegilaraujoyahoo-com-br?view=instructor\" class=\"tutor-d-flex\">\n\t\t\t<div class=\"tutor-avatar\"><div class=\"tutor-ratio tutor-ratio-1x1\"><span class=\"tutor-avatar-text\">JD<\/span><\/div><\/div>\t\t<\/a>\n\t<\/div>\n\n\t<div>\n\t\tBy\t\t<a href=\"https:\/\/josegil.zegil.com.br\/en\/profile\/josegilaraujoyahoo-com-br?view=instructor\">Josegil de Ara\u00fajo<\/a>\n\n\t\t\t<\/div>\n<\/div>\n\n<\/div>\n\n<div class=\"tutor-card-footer\">\n\t<div class=\"tutor-course-list-btn\"><a href=\"https:\/\/josegil.zegil.com.br\/en\/courses\/matrix-carta-psicrometrica-interativa\/\" class=\"tutor-btn tutor-btn-outline-primary tutor-btn-md tutor-btn-block tutor-open-login-modal\">Enroll Course<\/a><\/div>\t<\/div>\n<\/div>\n<\/div>\n\t\t\t\t<\/div>\n\t\t\t<\/div>\n\t\t\t<\/div>\n<\/div>\n\n\n\n<div class=\"tutor-modal tutor-login-modal\">\n\t<div class=\"tutor-modal-overlay\"><\/div>\n\t<div class=\"tutor-modal-window tutor-modal-window-sm\">\n\t\t<div class=\"tutor-modal-content tutor-modal-content-white\">\n\t\t\t<button class=\"tutor-iconic-btn tutor-modal-close-o\" data-tutor-modal-close>\n\t\t\t\t<span class=\"tutor-icon-times\" area-hidden=\"true\"><\/span>\n\t\t\t<\/button>\n\n\t\t\t<div class=\"tutor-modal-body\">\n\t\t\t\t<div class=\"tutor-py-48\">\n\t\t\t\t\t\t\t\t\t\t<div class=\"tutor-fs-4 tutor-fw-medium tutor-color-black tutor-mb-32\">Hi, Welcome back!<\/div>\n\t\t\t\t\t<form id=\"tutor-login-form\" method=\"post\" action=\"\">\n\t\t<input type=\"hidden\" id=\"_tutor_nonce\" name=\"_tutor_nonce\" value=\"c80ebcae6d\" \/><input type=\"hidden\" name=\"_wp_http_referer\" value=\"\/en\/wp-json\/wp\/v2\/pages\/14640\" \/>\t<input type=\"hidden\" name=\"tutor_action\" value=\"tutor_user_login\" \/>\n\t<input type=\"hidden\" name=\"redirect_to\" value=\"https:\/\/josegil.zegil.com.br\/en\/wp-json\/wp\/v2\/pages\/14640\" \/>\n\n\t<div class=\"tutor-mb-20\">\n\t\t<input type=\"text\" class=\"tutor-form-control\" placeholder=\"Username or Email Address\" name=\"log\" value=\"\" size=\"20\" required>\n\t<\/div>\n\n\t<div class=\"tutor-mb-32\">\n\t\t<input type=\"password\" class=\"tutor-form-control\" placeholder=\"Password\" name=\"pwd\" value=\"\" size=\"20\" required>\n\t<\/div>\n\n\t<div class=\"tutor-login-error\"><\/div>\n\t\t\t<input type=\"hidden\" name=\"timezone\" value=\"-03:00\" \/>\n\t\t<script>\n\t\t\tdocument.addEventListener('DOMContentLoaded', function() {\n\t\t\t\tconst timezone = document.querySelector('input[name=\"timezone\"]');\n\t\t\t\tif ( timezone) {\n\t\t\t\t\tconst tz = Intl.DateTimeFormat().resolvedOptions().timeZone;\n\t\t\t\t\ttimezone.value = tz\n\t\t\t\t}\n\t\t\t});\n\t\t<\/script>\n\t\t\t<div class=\"tutor-d-flex tutor-justify-between tutor-align-center tutor-mb-40\">\n\t\t<div class=\"tutor-form-check\">\n\t\t\t<input id=\"tutor-login-agmnt-1\" type=\"checkbox\" class=\"tutor-form-check-input tutor-bg-black-40\" name=\"rememberme\" value=\"forever\" \/>\n\t\t\t<label for=\"tutor-login-agmnt-1\" class=\"tutor-fs-7 tutor-color-muted\">\n\t\t\t\tKeep me signed in\t\t\t<\/label>\n\t\t<\/div>\n\t\t<a href=\"https:\/\/josegil.zegil.com.br\/en\/painel-de-controle\/retrieve-password\" class=\"tutor-btn tutor-btn-ghost\">\n\t\t\tForgot Password?\t\t<\/a>\n\t<\/div>\n\n\t\t<button type=\"submit\" class=\"tutor-btn tutor-btn-primary tutor-btn-block\">\n\t\tSign In\t<\/button>\n\t\n\t\t\t\t\t<div class=\"tutor-text-center tutor-fs-6 tutor-color-secondary tutor-mt-20\">\n\t\t\tDon&#039;t have an account?&nbsp;\n\t\t\t<a href=\"https:\/\/josegil.zegil.com.br\/en\/pagina-de-cadastro-de-aluno\/?redirect_to=https:\/\/josegil.zegil.com.br\/en\/wp-json\/wp\/v2\/pages\/14640\" class=\"tutor-btn tutor-btn-link\">\n\t\t\t\tRegister Now\t\t\t<\/a>\n\t\t<\/div>\n\t\t<input type=\"hidden\" name=\"trp-form-language\" value=\"en\"\/><\/form>\n<script>\n\tdocument.addEventListener('DOMContentLoaded', function() {\n\t\tvar { __ } = wp.i18n;\n\t\tvar loginModal = document.querySelector('.tutor-modal.tutor-login-modal');\n\t\tvar errors = [];\n\t\tif (loginModal && errors.length) {\n\t\t\tloginModal.classList.add('tutor-is-active');\n\t\t}\n\t});\n<\/script>\n\n\t\t\t\t\t\t\t\t\t<\/div>\n\t\t\t\t\t\t\t<\/div>\n\t\t<\/div>\n\t<\/div>\n<\/div>\n<\/div>\n\t\t\t\t\t\t<\/div>\n\t\t\t\t<\/div>\n\t\t\t\t\t<\/div>\n\t\t\t\t<\/div>\n\t\t<div class=\"elementor-element elementor-element-ac5183b e-flex e-con-boxed e-con e-parent\" data-id=\"ac5183b\" data-element_type=\"container\" data-settings=\"{&quot;background_background&quot;:&quot;classic&quot;}\">\n\t\t\t\t\t<div class=\"e-con-inner\">\n\t\t\t\t<div class=\"elementor-element elementor-element-cb6c64f elementor-widget elementor-widget-heading\" data-id=\"cb6c64f\" data-element_type=\"widget\" data-widget_type=\"heading.default\">\n\t\t\t\t<div class=\"elementor-widget-container\">\n\t\t\t\t\t<h5 class=\"elementor-heading-title elementor-size-default\">Aprender engenharia \u00e9 aprender a raciocinar com l\u00f3gica e prop\u00f3sito.\u201d\n<\/h5>\t\t\t\t<\/div>\n\t\t\t\t<\/div>\n\t\t\t\t<div class=\"elementor-element elementor-element-1ba962a elementor-widget elementor-widget-text-editor\" data-id=\"1ba962a\" data-element_type=\"widget\" data-widget_type=\"text-editor.default\">\n\t\t\t\t<div class=\"elementor-widget-container\">\n\t\t\t\t\t\t\t\t\t<div class=\"wp-block-qubely-row qubely-section qubely-block-d08c53\"><div class=\"qubely-container\"><div class=\"qubely-row\"><div class=\"wp-block-qubely-column qubely-column qubely-column-front qubely-block-976a8e\"><div class=\"qubely-column-inner\"><div class=\"wp-block-qubely-testimonial qubely-block-e1b0da\"><div class=\"qubely-block-testimonial\"><div class=\"qubely-testimonial-author\"><div class=\"\"><div class=\"qubely-testimonial-author-info\"><div class=\"qubely-testimonial-author-name\">\u2014 Josegil de Ara\u00fajo<\/div><\/div><\/div><\/div><\/div><\/div><\/div><\/div><\/div><\/div><\/div>\t\t\t\t\t\t\t\t<\/div>\n\t\t\t\t<\/div>\n\t\t\t\t\t<\/div>\n\t\t\t\t<\/div>\n\t\t<div class=\"elementor-element elementor-element-345c367 e-flex e-con-boxed e-con e-parent\" data-id=\"345c367\" data-element_type=\"container\">\n\t\t\t\t\t<div class=\"e-con-inner\">\n\t\t\t\t<div class=\"elementor-element elementor-element-2a7abe5 elementor-widget elementor-widget-heading\" data-id=\"2a7abe5\" data-element_type=\"widget\" data-widget_type=\"heading.default\">\n\t\t\t\t<div class=\"elementor-widget-container\">\n\t\t\t\t\t<h3 class=\"elementor-heading-title elementor-size-default\">\u00daltimos P\u00f4steres<\/h3>\t\t\t\t<\/div>\n\t\t\t\t<\/div>\n\t\t\t\t<div class=\"elementor-element elementor-element-9168f88 elementor-widget elementor-widget-text-editor\" data-id=\"9168f88\" data-element_type=\"widget\" data-widget_type=\"text-editor.default\">\n\t\t\t\t<div class=\"elementor-widget-container\">\n\t\t\t\t\t\t\t\t\t<div class=\"wp-block-qubely-text qubely-block-8641ff\"><div class=\"qubely-block-text\"><p data-start=\"870\" data-end=\"1002\">Engenharia se aprende todos os dias \u2014 dentro e fora da sala de aula.<br \/>Aqui, voc\u00ea encontra recursos para evoluir constantemente.<\/p><\/div><\/div>\t\t\t\t\t\t\t\t<\/div>\n\t\t\t\t<\/div>\n\t\t\t\t\t<\/div>\n\t\t\t\t<\/div>\n\t\t<div class=\"elementor-element elementor-element-6427fb9 e-flex e-con-boxed e-con e-parent\" data-id=\"6427fb9\" data-element_type=\"container\">\n\t\t\t\t\t<div class=\"e-con-inner\">\n\t\t\t\t<div class=\"elementor-element elementor-element-9829a6a elementor-grid-3 elementor-grid-tablet-2 elementor-grid-mobile-1 elementor-posts--thumbnail-top elementor-widget elementor-widget-posts\" data-id=\"9829a6a\" data-element_type=\"widget\" data-settings=\"{&quot;classic_columns&quot;:&quot;3&quot;,&quot;classic_columns_tablet&quot;:&quot;2&quot;,&quot;classic_columns_mobile&quot;:&quot;1&quot;,&quot;classic_row_gap&quot;:{&quot;unit&quot;:&quot;px&quot;,&quot;size&quot;:35,&quot;sizes&quot;:[]},&quot;classic_row_gap_tablet&quot;:{&quot;unit&quot;:&quot;px&quot;,&quot;size&quot;:&quot;&quot;,&quot;sizes&quot;:[]},&quot;classic_row_gap_mobile&quot;:{&quot;unit&quot;:&quot;px&quot;,&quot;size&quot;:&quot;&quot;,&quot;sizes&quot;:[]}}\" data-widget_type=\"posts.classic\">\n\t\t\t\t<div class=\"elementor-widget-container\">\n\t\t\t\t\t\t\t<div class=\"elementor-posts-container elementor-posts elementor-posts--skin-classic elementor-grid\" role=\"list\">\n\t\t\t\t<article class=\"elementor-post elementor-grid-item post-14525 post type-post status-publish format-standard has-post-thumbnail hentry category-uncategorized\" role=\"listitem\">\n\t\t\t\t<a class=\"elementor-post__thumbnail__link\" href=\"https:\/\/josegil.zegil.com.br\/en\/2025\/11\/20\/a-relacao-entre-a-transferencia-de-calor-e-a-termodinamica\/\" tabindex=\"-1\" >\n\t\t\t<div class=\"elementor-post__thumbnail\"><img fetchpriority=\"high\" decoding=\"async\" width=\"300\" height=\"169\" src=\"https:\/\/josegil.zegil.com.br\/wp-content\/uploads\/2025\/11\/compCapaVideoTrasfVsTermod-300x169.jpg\" class=\"attachment-medium size-medium wp-image-14530\" alt=\"\" srcset=\"https:\/\/josegil.zegil.com.br\/wp-content\/uploads\/2025\/11\/compCapaVideoTrasfVsTermod-300x169.jpg 300w, https:\/\/josegil.zegil.com.br\/wp-content\/uploads\/2025\/11\/compCapaVideoTrasfVsTermod-1024x576.jpg 1024w, https:\/\/josegil.zegil.com.br\/wp-content\/uploads\/2025\/11\/compCapaVideoTrasfVsTermod-768x432.jpg 768w, https:\/\/josegil.zegil.com.br\/wp-content\/uploads\/2025\/11\/compCapaVideoTrasfVsTermod-1536x864.jpg 1536w, https:\/\/josegil.zegil.com.br\/wp-content\/uploads\/2025\/11\/compCapaVideoTrasfVsTermod-160x90.jpg 160w, https:\/\/josegil.zegil.com.br\/wp-content\/uploads\/2025\/11\/compCapaVideoTrasfVsTermod.jpg 1920w\" sizes=\"(max-width: 300px) 100vw, 300px\" \/><\/div>\n\t\t<\/a>\n\t\t\t\t<div class=\"elementor-post__text\">\n\t\t\t\t<h3 class=\"elementor-post__title\">\n\t\t\t<a href=\"https:\/\/josegil.zegil.com.br\/en\/2025\/11\/20\/a-relacao-entre-a-transferencia-de-calor-e-a-termodinamica\/\" >\n\t\t\t\tA Rela\u00e7\u00e3o entre a Transfer\u00eancia de Calor e a Termodin\u00e2mica\t\t\t<\/a>\n\t\t<\/h3>\n\t\t\n\t\t<a class=\"elementor-post__read-more\" href=\"https:\/\/josegil.zegil.com.br\/en\/2025\/11\/20\/a-relacao-entre-a-transferencia-de-calor-e-a-termodinamica\/\" aria-label=\"Read more about A Rela\u00e7\u00e3o entre a Transfer\u00eancia de Calor e a Termodin\u00e2mica\" tabindex=\"-1\" >\n\t\t\tLeia mais \u00bb\t\t<\/a>\n\n\t\t\t\t<\/div>\n\t\t\t\t<\/article>\n\t\t\t\t<article class=\"elementor-post elementor-grid-item post-14449 post type-post status-publish format-standard has-post-thumbnail hentry category-uncategorized\" role=\"listitem\">\n\t\t\t\t<a class=\"elementor-post__thumbnail__link\" href=\"https:\/\/josegil.zegil.com.br\/en\/2025\/10\/05\/o-fim-da-purga-na-impressao-3d-a-revolucao-do-sistema-prusa-vs-vortek-da-bambu-lab\/\" tabindex=\"-1\" >\n\t\t\t<div class=\"elementor-post__thumbnail\"><img decoding=\"async\" width=\"300\" height=\"200\" src=\"https:\/\/josegil.zegil.com.br\/wp-content\/uploads\/2025\/10\/ChatGPT-Image-5-de-out.-de-2025-11_36_24-300x200.png\" class=\"attachment-medium size-medium wp-image-14454\" alt=\"\" srcset=\"https:\/\/josegil.zegil.com.br\/wp-content\/uploads\/2025\/10\/ChatGPT-Image-5-de-out.-de-2025-11_36_24-300x200.png 300w, https:\/\/josegil.zegil.com.br\/wp-content\/uploads\/2025\/10\/ChatGPT-Image-5-de-out.-de-2025-11_36_24-1024x683.png 1024w, https:\/\/josegil.zegil.com.br\/wp-content\/uploads\/2025\/10\/ChatGPT-Image-5-de-out.-de-2025-11_36_24-768x512.png 768w, https:\/\/josegil.zegil.com.br\/wp-content\/uploads\/2025\/10\/ChatGPT-Image-5-de-out.-de-2025-11_36_24.png 1536w\" sizes=\"(max-width: 300px) 100vw, 300px\" \/><\/div>\n\t\t<\/a>\n\t\t\t\t<div class=\"elementor-post__text\">\n\t\t\t\t<h3 class=\"elementor-post__title\">\n\t\t\t<a href=\"https:\/\/josegil.zegil.com.br\/en\/2025\/10\/05\/o-fim-da-purga-na-impressao-3d-a-revolucao-do-sistema-prusa-vs-vortek-da-bambu-lab\/\" >\n\t\t\t\tO Fim da Purga na Impress\u00e3o 3D? A Revolu\u00e7\u00e3o do Sistema Prusa vs VORTEK da Bambu Lab\t\t\t<\/a>\n\t\t<\/h3>\n\t\t\n\t\t<a class=\"elementor-post__read-more\" href=\"https:\/\/josegil.zegil.com.br\/en\/2025\/10\/05\/o-fim-da-purga-na-impressao-3d-a-revolucao-do-sistema-prusa-vs-vortek-da-bambu-lab\/\" aria-label=\"Read more about O Fim da Purga na Impress\u00e3o 3D? A Revolu\u00e7\u00e3o do Sistema Prusa vs VORTEK da Bambu Lab\" tabindex=\"-1\" >\n\t\t\tLeia mais \u00bb\t\t<\/a>\n\n\t\t\t\t<\/div>\n\t\t\t\t<\/article>\n\t\t\t\t<article class=\"elementor-post elementor-grid-item post-14435 post type-post status-publish format-standard has-post-thumbnail hentry category-uncategorized\" role=\"listitem\">\n\t\t\t\t<a class=\"elementor-post__thumbnail__link\" href=\"https:\/\/josegil.zegil.com.br\/en\/2025\/10\/02\/metanol-em-bebidas-alcoolicas-o-perigo-invisivel-que-pode-cegar\/\" tabindex=\"-1\" >\n\t\t\t<div class=\"elementor-post__thumbnail\"><img decoding=\"async\" width=\"300\" height=\"300\" src=\"https:\/\/josegil.zegil.com.br\/wp-content\/uploads\/2025\/10\/Perigo-Metanol-300x300.jpg\" class=\"attachment-medium size-medium wp-image-14436\" alt=\"\" srcset=\"https:\/\/josegil.zegil.com.br\/wp-content\/uploads\/2025\/10\/Perigo-Metanol-300x300.jpg 300w, https:\/\/josegil.zegil.com.br\/wp-content\/uploads\/2025\/10\/Perigo-Metanol-1024x1024.jpg 1024w, https:\/\/josegil.zegil.com.br\/wp-content\/uploads\/2025\/10\/Perigo-Metanol-150x150.jpg 150w, https:\/\/josegil.zegil.com.br\/wp-content\/uploads\/2025\/10\/Perigo-Metanol-768x768.jpg 768w, https:\/\/josegil.zegil.com.br\/wp-content\/uploads\/2025\/10\/Perigo-Metanol-1536x1536.jpg 1536w, https:\/\/josegil.zegil.com.br\/wp-content\/uploads\/2025\/10\/Perigo-Metanol.jpg 2048w\" sizes=\"(max-width: 300px) 100vw, 300px\" \/><\/div>\n\t\t<\/a>\n\t\t\t\t<div class=\"elementor-post__text\">\n\t\t\t\t<h3 class=\"elementor-post__title\">\n\t\t\t<a href=\"https:\/\/josegil.zegil.com.br\/en\/2025\/10\/02\/metanol-em-bebidas-alcoolicas-o-perigo-invisivel-que-pode-cegar\/\" >\n\t\t\t\tMetanol em Bebidas Alco\u00f3licas: O Perigo Invis\u00edvel que Pode Cegar\t\t\t<\/a>\n\t\t<\/h3>\n\t\t\n\t\t<a class=\"elementor-post__read-more\" href=\"https:\/\/josegil.zegil.com.br\/en\/2025\/10\/02\/metanol-em-bebidas-alcoolicas-o-perigo-invisivel-que-pode-cegar\/\" aria-label=\"Read more about Metanol em Bebidas Alco\u00f3licas: O Perigo Invis\u00edvel que Pode Cegar\" tabindex=\"-1\" >\n\t\t\tLeia mais \u00bb\t\t<\/a>\n\n\t\t\t\t<\/div>\n\t\t\t\t<\/article>\n\t\t\t\t<\/div>\n\t\t\n\t\t\t\t\t\t<\/div>\n\t\t\t\t<\/div>\n\t\t\t\t\t<\/div>\n\t\t\t\t<\/div>\n\t\t<div class=\"elementor-element elementor-element-8992e45 e-flex e-con-boxed e-con e-parent\" data-id=\"8992e45\" data-element_type=\"container\" data-settings=\"{&quot;background_background&quot;:&quot;classic&quot;}\">\n\t\t\t\t\t<div class=\"e-con-inner\">\n\t\t\t\t<div class=\"elementor-element elementor-element-c5e46c9 elementor-widget elementor-widget-heading\" data-id=\"c5e46c9\" data-element_type=\"widget\" data-widget_type=\"heading.default\">\n\t\t\t\t<div class=\"elementor-widget-container\">\n\t\t\t\t\t<h3 class=\"elementor-heading-title elementor-size-default\">Receba novidades sobre engenharia.<\/h3>\t\t\t\t<\/div>\n\t\t\t\t<\/div>\n\t\t\t\t<div class=\"elementor-element elementor-element-991037d elementor-button-align-center elementor-widget elementor-widget-form\" data-id=\"991037d\" data-element_type=\"widget\" data-settings=\"{&quot;step_next_label&quot;:&quot;Pr\\u00f3ximo&quot;,&quot;step_previous_label&quot;:&quot;Anterior&quot;,&quot;button_width&quot;:&quot;100&quot;,&quot;step_type&quot;:&quot;number_text&quot;,&quot;step_icon_shape&quot;:&quot;circle&quot;}\" data-widget_type=\"form.default\">\n\t\t\t\t<div class=\"elementor-widget-container\">\n\t\t\t\t\t\t\t<form class=\"elementor-form\" method=\"post\" name=\"Envio e-mail Cadastro\" aria-label=\"Envio e-mail Cadastro\" action=\"\">\n\t\t\t<input type=\"hidden\" name=\"post_id\" value=\"14640\"\/>\n\t\t\t<input type=\"hidden\" name=\"form_id\" value=\"991037d\"\/>\n\t\t\t<input type=\"hidden\" name=\"referer_title\" value=\"\" \/>\n\n\t\t\t\n\t\t\t<div class=\"elementor-form-fields-wrapper elementor-labels-above\">\n\t\t\t\t\t\t\t\t<div class=\"elementor-field-type-email elementor-field-group elementor-column elementor-field-group-email elementor-col-100 elementor-field-required\">\n\t\t\t\t\t\t\t\t\t\t\t\t<label for=\"form-field-email\" class=\"elementor-field-label\">\n\t\t\t\t\t\t\t\tE-mail\t\t\t\t\t\t\t<\/label>\n\t\t\t\t\t\t\t\t\t\t\t\t\t\t<input size=\"1\" type=\"email\" name=\"form_fields[email]\" id=\"form-field-email\" class=\"elementor-field elementor-size-sm  elementor-field-textual\" placeholder=\"Coloque seu e-mail aqui!\" required=\"required\">\n\t\t\t\t\t\t\t\t\t\t\t<\/div>\n\t\t\t\t\t\t\t\t<div class=\"elementor-field-group elementor-column elementor-field-type-submit elementor-col-100 e-form__buttons\">\n\t\t\t\t\t<button class=\"elementor-button elementor-size-sm\" type=\"submit\">\n\t\t\t\t\t\t<span class=\"elementor-button-content-wrapper\">\n\t\t\t\t\t\t\t\t\t\t\t\t\t\t\t\t\t\t\t\t\t\t<span class=\"elementor-button-text\">Enviar<\/span>\n\t\t\t\t\t\t\t\t\t\t\t\t\t<\/span>\n\t\t\t\t\t<\/button>\n\t\t\t\t<\/div>\n\t\t\t<\/div>\n\t\t<input type=\"hidden\" name=\"trp-form-language\" value=\"en\"\/><\/form>\n\t\t\t\t\t\t<\/div>\n\t\t\t\t<\/div>\n\t\t\t\t\t<\/div>\n\t\t\t\t<\/div>\n\t\t\t\t<\/div>","protected":false},"excerpt":{"rendered":"<p>A engenharia se constr\u00f3i um dia de cada vez. Conte\u00fado de Engenharia para avan\u00e7ar na pr\u00e1tica e na t\u00e9cnica Uma<\/p>","protected":false},"author":2,"featured_media":0,"parent":0,"menu_order":0,"comment_status":"closed","ping_status":"closed","template":"elementor_header_footer","meta":{"_tutorstarter_page_metadata":[],"footnotes":""},"class_list":["post-14640","page","type-page","status-publish","hentry"],"_links":{"self":[{"href":"https:\/\/josegil.zegil.com.br\/en\/wp-json\/wp\/v2\/pages\/14640","targetHints":{"allow":["GET"]}}],"collection":[{"href":"https:\/\/josegil.zegil.com.br\/en\/wp-json\/wp\/v2\/pages"}],"about":[{"href":"https:\/\/josegil.zegil.com.br\/en\/wp-json\/wp\/v2\/types\/page"}],"author":[{"embeddable":true,"href":"https:\/\/josegil.zegil.com.br\/en\/wp-json\/wp\/v2\/users\/2"}],"replies":[{"embeddable":true,"href":"https:\/\/josegil.zegil.com.br\/en\/wp-json\/wp\/v2\/comments?post=14640"}],"version-history":[{"count":48,"href":"https:\/\/josegil.zegil.com.br\/en\/wp-json\/wp\/v2\/pages\/14640\/revisions"}],"predecessor-version":[{"id":14923,"href":"https:\/\/josegil.zegil.com.br\/en\/wp-json\/wp\/v2\/pages\/14640\/revisions\/14923"}],"wp:attachment":[{"href":"https:\/\/josegil.zegil.com.br\/en\/wp-json\/wp\/v2\/media?parent=14640"}],"curies":[{"name":"wp","href":"https:\/\/api.w.org\/{rel}","templated":true}]}}