{"id":14162,"date":"2024-06-14T08:33:54","date_gmt":"2024-06-14T11:33:54","guid":{"rendered":"https:\/\/josegil.zegil.com.br\/?page_id=14162"},"modified":"2024-06-16T14:09:59","modified_gmt":"2024-06-16T17:09:59","slug":"publicacoes-do-blog","status":"publish","type":"page","link":"https:\/\/josegil.zegil.com.br\/en\/publicacoes-do-blog\/","title":{"rendered":"Publica\u00e7\u00f5es do Blog"},"content":{"rendered":"<div data-elementor-type=\"wp-page\" data-elementor-id=\"14162\" class=\"elementor elementor-14162\" data-elementor-post-type=\"page\">\n\t\t\t\t<div class=\"elementor-element elementor-element-4d96e6fa e-con-full e-flex e-con e-parent\" data-id=\"4d96e6fa\" data-element_type=\"container\" data-settings=\"{&quot;background_background&quot;:&quot;classic&quot;}\">\n\t\t\t\t<div class=\"elementor-element elementor-element-24b1d63d elementor-widget elementor-widget-heading\" data-id=\"24b1d63d\" data-element_type=\"widget\" data-widget_type=\"heading.default\">\n\t\t\t\t<div class=\"elementor-widget-container\">\n\t\t\t\t\t<h2 class=\"elementor-heading-title elementor-size-default\">Publica\u00e7\u00f5es<\/h2>\t\t\t\t<\/div>\n\t\t\t\t<\/div>\n\t\t\t\t<div class=\"elementor-element elementor-element-59f1ec8e elementor-widget elementor-widget-heading\" data-id=\"59f1ec8e\" data-element_type=\"widget\" data-widget_type=\"heading.default\">\n\t\t\t\t<div class=\"elementor-widget-container\">\n\t\t\t\t\t<h2 class=\"elementor-heading-title elementor-size-default\">nossas publica\u00e7\u00f5es do blog<\/h2>\t\t\t\t<\/div>\n\t\t\t\t<\/div>\n\t\t\t\t<\/div>\n\t\t<div class=\"elementor-element elementor-element-aa9def3 e-flex e-con-boxed e-con e-parent\" data-id=\"aa9def3\" data-element_type=\"container\">\n\t\t\t\t\t<div class=\"e-con-inner\">\n\t\t<div class=\"elementor-element elementor-element-5055d6d e-flex e-con-boxed e-con e-child\" data-id=\"5055d6d\" data-element_type=\"container\">\n\t\t\t\t\t<div class=\"e-con-inner\">\n\t\t\t\t<div class=\"elementor-element elementor-element-e2c2903 elementor-widget elementor-widget-heading\" data-id=\"e2c2903\" data-element_type=\"widget\" data-widget_type=\"heading.default\">\n\t\t\t\t<div class=\"elementor-widget-container\">\n\t\t\t\t\t<h2 class=\"elementor-heading-title elementor-size-default\">Nossas Publica\u00e7\u00f5es<\/h2>\t\t\t\t<\/div>\n\t\t\t\t<\/div>\n\t\t\t\t\t<\/div>\n\t\t\t\t<\/div>\n\t\t\t\t\t<\/div>\n\t\t\t\t<\/div>\n\t\t<div class=\"elementor-element elementor-element-0885fa4 e-flex e-con-boxed e-con e-parent\" data-id=\"0885fa4\" data-element_type=\"container\">\n\t\t\t\t\t<div class=\"e-con-inner\">\n\t\t\t\t<div class=\"elementor-element elementor-element-fa22847 elementor-grid-3 elementor-grid-tablet-2 elementor-grid-mobile-1 elementor-posts--thumbnail-top elementor-widget elementor-widget-posts\" data-id=\"fa22847\" data-element_type=\"widget\" data-settings=\"{&quot;classic_columns&quot;:&quot;3&quot;,&quot;classic_columns_tablet&quot;:&quot;2&quot;,&quot;classic_columns_mobile&quot;:&quot;1&quot;,&quot;classic_row_gap&quot;:{&quot;unit&quot;:&quot;px&quot;,&quot;size&quot;:35,&quot;sizes&quot;:[]},&quot;classic_row_gap_tablet&quot;:{&quot;unit&quot;:&quot;px&quot;,&quot;size&quot;:&quot;&quot;,&quot;sizes&quot;:[]},&quot;classic_row_gap_mobile&quot;:{&quot;unit&quot;:&quot;px&quot;,&quot;size&quot;:&quot;&quot;,&quot;sizes&quot;:[]}}\" data-widget_type=\"posts.classic\">\n\t\t\t\t<div class=\"elementor-widget-container\">\n\t\t\t\t\t\t\t<div class=\"elementor-posts-container elementor-posts elementor-posts--skin-classic elementor-grid\" role=\"list\">\n\t\t\t\t<article class=\"elementor-post elementor-grid-item post-14525 post type-post status-publish format-standard has-post-thumbnail hentry category-uncategorized\" role=\"listitem\">\n\t\t\t\t<a class=\"elementor-post__thumbnail__link\" href=\"https:\/\/josegil.zegil.com.br\/en\/2025\/11\/20\/a-relacao-entre-a-transferencia-de-calor-e-a-termodinamica\/\" tabindex=\"-1\" >\n\t\t\t<div class=\"elementor-post__thumbnail\"><img fetchpriority=\"high\" decoding=\"async\" width=\"300\" height=\"169\" src=\"https:\/\/josegil.zegil.com.br\/wp-content\/uploads\/2025\/11\/compCapaVideoTrasfVsTermod-300x169.jpg\" class=\"attachment-medium size-medium wp-image-14530\" alt=\"\" srcset=\"https:\/\/josegil.zegil.com.br\/wp-content\/uploads\/2025\/11\/compCapaVideoTrasfVsTermod-300x169.jpg 300w, https:\/\/josegil.zegil.com.br\/wp-content\/uploads\/2025\/11\/compCapaVideoTrasfVsTermod-1024x576.jpg 1024w, https:\/\/josegil.zegil.com.br\/wp-content\/uploads\/2025\/11\/compCapaVideoTrasfVsTermod-768x432.jpg 768w, https:\/\/josegil.zegil.com.br\/wp-content\/uploads\/2025\/11\/compCapaVideoTrasfVsTermod-1536x864.jpg 1536w, https:\/\/josegil.zegil.com.br\/wp-content\/uploads\/2025\/11\/compCapaVideoTrasfVsTermod-160x90.jpg 160w, https:\/\/josegil.zegil.com.br\/wp-content\/uploads\/2025\/11\/compCapaVideoTrasfVsTermod.jpg 1920w\" sizes=\"(max-width: 300px) 100vw, 300px\" \/><\/div>\n\t\t<\/a>\n\t\t\t\t<div class=\"elementor-post__text\">\n\t\t\t\t<h3 class=\"elementor-post__title\">\n\t\t\t<a href=\"https:\/\/josegil.zegil.com.br\/en\/2025\/11\/20\/a-relacao-entre-a-transferencia-de-calor-e-a-termodinamica\/\" >\n\t\t\t\tA Rela\u00e7\u00e3o entre a Transfer\u00eancia de Calor e a Termodin\u00e2mica\t\t\t<\/a>\n\t\t<\/h3>\n\t\t\t\t<div class=\"elementor-post__meta-data\">\n\t\t\t\t\t<span class=\"elementor-post-date\">\n\t\t\t11\/20\/2025\t\t<\/span>\n\t\t\t\t<\/div>\n\t\t\t\t<\/div>\n\t\t\t\t<\/article>\n\t\t\t\t<article class=\"elementor-post elementor-grid-item post-14449 post type-post status-publish format-standard has-post-thumbnail hentry category-uncategorized\" role=\"listitem\">\n\t\t\t\t<a class=\"elementor-post__thumbnail__link\" href=\"https:\/\/josegil.zegil.com.br\/en\/2025\/10\/05\/o-fim-da-purga-na-impressao-3d-a-revolucao-do-sistema-prusa-vs-vortek-da-bambu-lab\/\" tabindex=\"-1\" >\n\t\t\t<div class=\"elementor-post__thumbnail\"><img decoding=\"async\" width=\"300\" height=\"200\" src=\"https:\/\/josegil.zegil.com.br\/wp-content\/uploads\/2025\/10\/ChatGPT-Image-5-de-out.-de-2025-11_36_24-300x200.png\" class=\"attachment-medium size-medium wp-image-14454\" alt=\"\" srcset=\"https:\/\/josegil.zegil.com.br\/wp-content\/uploads\/2025\/10\/ChatGPT-Image-5-de-out.-de-2025-11_36_24-300x200.png 300w, https:\/\/josegil.zegil.com.br\/wp-content\/uploads\/2025\/10\/ChatGPT-Image-5-de-out.-de-2025-11_36_24-1024x683.png 1024w, https:\/\/josegil.zegil.com.br\/wp-content\/uploads\/2025\/10\/ChatGPT-Image-5-de-out.-de-2025-11_36_24-768x512.png 768w, https:\/\/josegil.zegil.com.br\/wp-content\/uploads\/2025\/10\/ChatGPT-Image-5-de-out.-de-2025-11_36_24.png 1536w\" sizes=\"(max-width: 300px) 100vw, 300px\" \/><\/div>\n\t\t<\/a>\n\t\t\t\t<div class=\"elementor-post__text\">\n\t\t\t\t<h3 class=\"elementor-post__title\">\n\t\t\t<a href=\"https:\/\/josegil.zegil.com.br\/en\/2025\/10\/05\/o-fim-da-purga-na-impressao-3d-a-revolucao-do-sistema-prusa-vs-vortek-da-bambu-lab\/\" >\n\t\t\t\tO Fim da Purga na Impress\u00e3o 3D? A Revolu\u00e7\u00e3o do Sistema Prusa vs VORTEK da Bambu Lab\t\t\t<\/a>\n\t\t<\/h3>\n\t\t\t\t<div class=\"elementor-post__meta-data\">\n\t\t\t\t\t<span class=\"elementor-post-date\">\n\t\t\t10\/05\/2025\t\t<\/span>\n\t\t\t\t<\/div>\n\t\t\t\t<\/div>\n\t\t\t\t<\/article>\n\t\t\t\t<article class=\"elementor-post elementor-grid-item post-14435 post type-post status-publish format-standard has-post-thumbnail hentry category-uncategorized\" role=\"listitem\">\n\t\t\t\t<a class=\"elementor-post__thumbnail__link\" href=\"https:\/\/josegil.zegil.com.br\/en\/2025\/10\/02\/metanol-em-bebidas-alcoolicas-o-perigo-invisivel-que-pode-cegar\/\" tabindex=\"-1\" >\n\t\t\t<div class=\"elementor-post__thumbnail\"><img decoding=\"async\" width=\"300\" height=\"300\" src=\"https:\/\/josegil.zegil.com.br\/wp-content\/uploads\/2025\/10\/Perigo-Metanol-300x300.jpg\" class=\"attachment-medium size-medium wp-image-14436\" alt=\"\" srcset=\"https:\/\/josegil.zegil.com.br\/wp-content\/uploads\/2025\/10\/Perigo-Metanol-300x300.jpg 300w, https:\/\/josegil.zegil.com.br\/wp-content\/uploads\/2025\/10\/Perigo-Metanol-1024x1024.jpg 1024w, https:\/\/josegil.zegil.com.br\/wp-content\/uploads\/2025\/10\/Perigo-Metanol-150x150.jpg 150w, https:\/\/josegil.zegil.com.br\/wp-content\/uploads\/2025\/10\/Perigo-Metanol-768x768.jpg 768w, https:\/\/josegil.zegil.com.br\/wp-content\/uploads\/2025\/10\/Perigo-Metanol-1536x1536.jpg 1536w, https:\/\/josegil.zegil.com.br\/wp-content\/uploads\/2025\/10\/Perigo-Metanol.jpg 2048w\" sizes=\"(max-width: 300px) 100vw, 300px\" \/><\/div>\n\t\t<\/a>\n\t\t\t\t<div class=\"elementor-post__text\">\n\t\t\t\t<h3 class=\"elementor-post__title\">\n\t\t\t<a href=\"https:\/\/josegil.zegil.com.br\/en\/2025\/10\/02\/metanol-em-bebidas-alcoolicas-o-perigo-invisivel-que-pode-cegar\/\" >\n\t\t\t\tMetanol em Bebidas Alco\u00f3licas: O Perigo Invis\u00edvel que Pode Cegar\t\t\t<\/a>\n\t\t<\/h3>\n\t\t\t\t<div class=\"elementor-post__meta-data\">\n\t\t\t\t\t<span class=\"elementor-post-date\">\n\t\t\t10\/02\/2025\t\t<\/span>\n\t\t\t\t<\/div>\n\t\t\t\t<\/div>\n\t\t\t\t<\/article>\n\t\t\t\t<article class=\"elementor-post elementor-grid-item post-14422 post type-post status-publish format-standard has-post-thumbnail hentry category-uncategorized\" role=\"listitem\">\n\t\t\t\t<a class=\"elementor-post__thumbnail__link\" href=\"https:\/\/josegil.zegil.com.br\/en\/2025\/09\/25\/como-a-trl-space-esta-revolucionando-a-industria-de-satelites-com-impre\/\" tabindex=\"-1\" >\n\t\t\t<div class=\"elementor-post__thumbnail\"><img loading=\"lazy\" decoding=\"async\" width=\"300\" height=\"169\" src=\"https:\/\/josegil.zegil.com.br\/wp-content\/uploads\/2025\/09\/VideoYTESDFilamento-300x169.png\" class=\"attachment-medium size-medium wp-image-14431\" alt=\"\" srcset=\"https:\/\/josegil.zegil.com.br\/wp-content\/uploads\/2025\/09\/VideoYTESDFilamento-300x169.png 300w, https:\/\/josegil.zegil.com.br\/wp-content\/uploads\/2025\/09\/VideoYTESDFilamento-1024x576.png 1024w, https:\/\/josegil.zegil.com.br\/wp-content\/uploads\/2025\/09\/VideoYTESDFilamento-768x432.png 768w, https:\/\/josegil.zegil.com.br\/wp-content\/uploads\/2025\/09\/VideoYTESDFilamento-160x90.png 160w, https:\/\/josegil.zegil.com.br\/wp-content\/uploads\/2025\/09\/VideoYTESDFilamento.png 1280w\" sizes=\"(max-width: 300px) 100vw, 300px\" \/><\/div>\n\t\t<\/a>\n\t\t\t\t<div class=\"elementor-post__text\">\n\t\t\t\t<h3 class=\"elementor-post__title\">\n\t\t\t<a href=\"https:\/\/josegil.zegil.com.br\/en\/2025\/09\/25\/como-a-trl-space-esta-revolucionando-a-industria-de-satelites-com-impre\/\" >\n\t\t\t\tComo a TRL Space Est\u00e1 Revolucionando a Ind\u00fastria de Sat\u00e9lites com Impress\u00e3o 3D\t\t\t<\/a>\n\t\t<\/h3>\n\t\t\t\t<div class=\"elementor-post__meta-data\">\n\t\t\t\t\t<span class=\"elementor-post-date\">\n\t\t\t09\/25\/2025\t\t<\/span>\n\t\t\t\t<\/div>\n\t\t\t\t<\/div>\n\t\t\t\t<\/article>\n\t\t\t\t<article class=\"elementor-post elementor-grid-item post-14411 post type-post status-publish format-standard has-post-thumbnail hentry category-refrigeracao\" role=\"listitem\">\n\t\t\t\t<a class=\"elementor-post__thumbnail__link\" href=\"https:\/\/josegil.zegil.com.br\/en\/2025\/08\/23\/entenda-o-sistema-de-refrigeracao-por-absorcao\/\" tabindex=\"-1\" >\n\t\t\t<div class=\"elementor-post__thumbnail\"><img loading=\"lazy\" decoding=\"async\" width=\"300\" height=\"169\" src=\"https:\/\/josegil.zegil.com.br\/wp-content\/uploads\/2025\/08\/Plano-de-Fundo-Para-Video-Rabiscos-Modernos-Cor-e-Estilo-Bege-Verde-Preto-300x169.png\" class=\"attachment-medium size-medium wp-image-14418\" alt=\"\" srcset=\"https:\/\/josegil.zegil.com.br\/wp-content\/uploads\/2025\/08\/Plano-de-Fundo-Para-Video-Rabiscos-Modernos-Cor-e-Estilo-Bege-Verde-Preto-300x169.png 300w, https:\/\/josegil.zegil.com.br\/wp-content\/uploads\/2025\/08\/Plano-de-Fundo-Para-Video-Rabiscos-Modernos-Cor-e-Estilo-Bege-Verde-Preto-1024x576.png 1024w, https:\/\/josegil.zegil.com.br\/wp-content\/uploads\/2025\/08\/Plano-de-Fundo-Para-Video-Rabiscos-Modernos-Cor-e-Estilo-Bege-Verde-Preto-768x432.png 768w, https:\/\/josegil.zegil.com.br\/wp-content\/uploads\/2025\/08\/Plano-de-Fundo-Para-Video-Rabiscos-Modernos-Cor-e-Estilo-Bege-Verde-Preto-1536x864.png 1536w, https:\/\/josegil.zegil.com.br\/wp-content\/uploads\/2025\/08\/Plano-de-Fundo-Para-Video-Rabiscos-Modernos-Cor-e-Estilo-Bege-Verde-Preto-160x90.png 160w, https:\/\/josegil.zegil.com.br\/wp-content\/uploads\/2025\/08\/Plano-de-Fundo-Para-Video-Rabiscos-Modernos-Cor-e-Estilo-Bege-Verde-Preto.png 1920w\" sizes=\"(max-width: 300px) 100vw, 300px\" \/><\/div>\n\t\t<\/a>\n\t\t\t\t<div class=\"elementor-post__text\">\n\t\t\t\t<h3 class=\"elementor-post__title\">\n\t\t\t<a href=\"https:\/\/josegil.zegil.com.br\/en\/2025\/08\/23\/entenda-o-sistema-de-refrigeracao-por-absorcao\/\" >\n\t\t\t\tEntenda o Sistema de Refrigera\u00e7\u00e3o por Absor\u00e7\u00e3o\t\t\t<\/a>\n\t\t<\/h3>\n\t\t\t\t<div class=\"elementor-post__meta-data\">\n\t\t\t\t\t<span class=\"elementor-post-date\">\n\t\t\t08\/23\/2025\t\t<\/span>\n\t\t\t\t<\/div>\n\t\t\t\t<\/div>\n\t\t\t\t<\/article>\n\t\t\t\t<article class=\"elementor-post elementor-grid-item post-14211 post type-post status-publish format-standard has-post-thumbnail hentry category-tecnologia category-uncategorized\" role=\"listitem\">\n\t\t\t\t<a class=\"elementor-post__thumbnail__link\" href=\"https:\/\/josegil.zegil.com.br\/en\/2024\/06\/15\/avancos-tecnologicos-e-perspectivas-futuras-dos-veiculos-movidos-a-hidrogenio\/\" tabindex=\"-1\" >\n\t\t\t<div class=\"elementor-post__thumbnail\"><img loading=\"lazy\" decoding=\"async\" width=\"300\" height=\"171\" src=\"https:\/\/josegil.zegil.com.br\/wp-content\/uploads\/2024\/06\/ArtigoVeiculosaHidrogenio-300x171.webp\" class=\"attachment-medium size-medium wp-image-14220\" alt=\"\" srcset=\"https:\/\/josegil.zegil.com.br\/wp-content\/uploads\/2024\/06\/ArtigoVeiculosaHidrogenio-300x171.webp 300w, https:\/\/josegil.zegil.com.br\/wp-content\/uploads\/2024\/06\/ArtigoVeiculosaHidrogenio-1024x585.webp 1024w, https:\/\/josegil.zegil.com.br\/wp-content\/uploads\/2024\/06\/ArtigoVeiculosaHidrogenio-768x439.webp 768w, https:\/\/josegil.zegil.com.br\/wp-content\/uploads\/2024\/06\/ArtigoVeiculosaHidrogenio-1536x878.webp 1536w, https:\/\/josegil.zegil.com.br\/wp-content\/uploads\/2024\/06\/ArtigoVeiculosaHidrogenio-160x90.webp 160w, https:\/\/josegil.zegil.com.br\/wp-content\/uploads\/2024\/06\/ArtigoVeiculosaHidrogenio-600x343.webp 600w, https:\/\/josegil.zegil.com.br\/wp-content\/uploads\/2024\/06\/ArtigoVeiculosaHidrogenio.webp 1792w\" sizes=\"(max-width: 300px) 100vw, 300px\" \/><\/div>\n\t\t<\/a>\n\t\t\t\t<div class=\"elementor-post__text\">\n\t\t\t\t<h3 class=\"elementor-post__title\">\n\t\t\t<a href=\"https:\/\/josegil.zegil.com.br\/en\/2024\/06\/15\/avancos-tecnologicos-e-perspectivas-futuras-dos-veiculos-movidos-a-hidrogenio\/\" >\n\t\t\t\tAvan\u00e7os Tecnol\u00f3gicos e Perspectivas Futuras dos Ve\u00edculos Movidos a Hidrog\u00eanio\t\t\t<\/a>\n\t\t<\/h3>\n\t\t\t\t<div class=\"elementor-post__meta-data\">\n\t\t\t\t\t<span class=\"elementor-post-date\">\n\t\t\t06\/15\/2024\t\t<\/span>\n\t\t\t\t<\/div>\n\t\t\t\t<\/div>\n\t\t\t\t<\/article>\n\t\t\t\t<article class=\"elementor-post elementor-grid-item post-234 post type-post status-publish format-standard has-post-thumbnail hentry category-condicionamento-de-ar\" role=\"listitem\">\n\t\t\t\t<a class=\"elementor-post__thumbnail__link\" href=\"https:\/\/josegil.zegil.com.br\/en\/2024\/06\/05\/analise-energetica-de-edificacoes-com-sketchup-openstudio-e-energyplus-uma-abordagem-integrada\/\" tabindex=\"-1\" >\n\t\t\t<div class=\"elementor-post__thumbnail\"><img loading=\"lazy\" decoding=\"async\" width=\"300\" height=\"171\" src=\"https:\/\/josegil.zegil.com.br\/wp-content\/uploads\/2024\/06\/Imagem1_ArtiSketOpenEnergy-300x171.webp\" class=\"attachment-medium size-medium wp-image-236\" alt=\"\" srcset=\"https:\/\/josegil.zegil.com.br\/wp-content\/uploads\/2024\/06\/Imagem1_ArtiSketOpenEnergy-300x171.webp 300w, https:\/\/josegil.zegil.com.br\/wp-content\/uploads\/2024\/06\/Imagem1_ArtiSketOpenEnergy-600x343.webp 600w, https:\/\/josegil.zegil.com.br\/wp-content\/uploads\/2024\/06\/Imagem1_ArtiSketOpenEnergy-1024x585.webp 1024w, https:\/\/josegil.zegil.com.br\/wp-content\/uploads\/2024\/06\/Imagem1_ArtiSketOpenEnergy-768x439.webp 768w, https:\/\/josegil.zegil.com.br\/wp-content\/uploads\/2024\/06\/Imagem1_ArtiSketOpenEnergy-1536x878.webp 1536w, https:\/\/josegil.zegil.com.br\/wp-content\/uploads\/2024\/06\/Imagem1_ArtiSketOpenEnergy.webp 1792w\" sizes=\"(max-width: 300px) 100vw, 300px\" \/><\/div>\n\t\t<\/a>\n\t\t\t\t<div class=\"elementor-post__text\">\n\t\t\t\t<h3 class=\"elementor-post__title\">\n\t\t\t<a href=\"https:\/\/josegil.zegil.com.br\/en\/2024\/06\/05\/analise-energetica-de-edificacoes-com-sketchup-openstudio-e-energyplus-uma-abordagem-integrada\/\" >\n\t\t\t\tAn\u00e1lise Energ\u00e9tica de Edifica\u00e7\u00f5es com SketchUp, OpenStudio e EnergyPlus: Uma Abordagem Integrada\t\t\t<\/a>\n\t\t<\/h3>\n\t\t\t\t<div class=\"elementor-post__meta-data\">\n\t\t\t\t\t<span class=\"elementor-post-date\">\n\t\t\t06\/05\/2024\t\t<\/span>\n\t\t\t\t<\/div>\n\t\t\t\t<\/div>\n\t\t\t\t<\/article>\n\t\t\t\t<article class=\"elementor-post elementor-grid-item post-208 post type-post status-publish format-standard has-post-thumbnail hentry category-educacao\" role=\"listitem\">\n\t\t\t\t<a class=\"elementor-post__thumbnail__link\" href=\"https:\/\/josegil.zegil.com.br\/en\/2024\/06\/01\/bem-vindo-ao-nosso-assistente-virtual-de-estudos\/\" tabindex=\"-1\" >\n\t\t\t<div class=\"elementor-post__thumbnail\"><img loading=\"lazy\" decoding=\"async\" width=\"300\" height=\"171\" src=\"https:\/\/josegil.zegil.com.br\/wp-content\/uploads\/2024\/06\/imagemGPTMaqTermica-300x171.webp\" class=\"attachment-medium size-medium wp-image-191\" alt=\"\" srcset=\"https:\/\/josegil.zegil.com.br\/wp-content\/uploads\/2024\/06\/imagemGPTMaqTermica-300x171.webp 300w, https:\/\/josegil.zegil.com.br\/wp-content\/uploads\/2024\/06\/imagemGPTMaqTermica-600x343.webp 600w, https:\/\/josegil.zegil.com.br\/wp-content\/uploads\/2024\/06\/imagemGPTMaqTermica-1024x585.webp 1024w, https:\/\/josegil.zegil.com.br\/wp-content\/uploads\/2024\/06\/imagemGPTMaqTermica-768x439.webp 768w, https:\/\/josegil.zegil.com.br\/wp-content\/uploads\/2024\/06\/imagemGPTMaqTermica-1536x878.webp 1536w, https:\/\/josegil.zegil.com.br\/wp-content\/uploads\/2024\/06\/imagemGPTMaqTermica.webp 1792w\" sizes=\"(max-width: 300px) 100vw, 300px\" \/><\/div>\n\t\t<\/a>\n\t\t\t\t<div class=\"elementor-post__text\">\n\t\t\t\t<h3 class=\"elementor-post__title\">\n\t\t\t<a href=\"https:\/\/josegil.zegil.com.br\/en\/2024\/06\/01\/bem-vindo-ao-nosso-assistente-virtual-de-estudos\/\" >\n\t\t\t\tChatBOT &#8211; Assistente Virtual de Estudos\t\t\t<\/a>\n\t\t<\/h3>\n\t\t\t\t<div class=\"elementor-post__meta-data\">\n\t\t\t\t\t<span class=\"elementor-post-date\">\n\t\t\t06\/01\/2024\t\t<\/span>\n\t\t\t\t<\/div>\n\t\t\t\t<\/div>\n\t\t\t\t<\/article>\n\t\t\t\t<article class=\"elementor-post elementor-grid-item post-181 post type-post status-publish format-standard has-post-thumbnail hentry category-tecnologia tag-aprendizado-de-maquina tag-engenharia-mecanica tag-inteligencia-artificial\" role=\"listitem\">\n\t\t\t\t<a class=\"elementor-post__thumbnail__link\" href=\"https:\/\/josegil.zegil.com.br\/en\/2024\/06\/01\/o-impacto-da-inteligencia-artificial-na-engenharia-mecanica-preparando-se-para-o-futuro\/\" tabindex=\"-1\" >\n\t\t\t<div class=\"elementor-post__thumbnail\"><img loading=\"lazy\" decoding=\"async\" width=\"300\" height=\"171\" src=\"https:\/\/josegil.zegil.com.br\/wp-content\/uploads\/2024\/06\/imagempostIAnaEngMec-300x171.webp\" class=\"attachment-medium size-medium wp-image-183\" alt=\"\" srcset=\"https:\/\/josegil.zegil.com.br\/wp-content\/uploads\/2024\/06\/imagempostIAnaEngMec-300x171.webp 300w, https:\/\/josegil.zegil.com.br\/wp-content\/uploads\/2024\/06\/imagempostIAnaEngMec-600x343.webp 600w, https:\/\/josegil.zegil.com.br\/wp-content\/uploads\/2024\/06\/imagempostIAnaEngMec-1024x585.webp 1024w, https:\/\/josegil.zegil.com.br\/wp-content\/uploads\/2024\/06\/imagempostIAnaEngMec-768x439.webp 768w, https:\/\/josegil.zegil.com.br\/wp-content\/uploads\/2024\/06\/imagempostIAnaEngMec-1536x878.webp 1536w, https:\/\/josegil.zegil.com.br\/wp-content\/uploads\/2024\/06\/imagempostIAnaEngMec.webp 1792w\" sizes=\"(max-width: 300px) 100vw, 300px\" \/><\/div>\n\t\t<\/a>\n\t\t\t\t<div class=\"elementor-post__text\">\n\t\t\t\t<h3 class=\"elementor-post__title\">\n\t\t\t<a href=\"https:\/\/josegil.zegil.com.br\/en\/2024\/06\/01\/o-impacto-da-inteligencia-artificial-na-engenharia-mecanica-preparando-se-para-o-futuro\/\" >\n\t\t\t\tO Impacto da Intelig\u00eancia Artificial na Engenharia Mec\u00e2nica: Preparando-se para o Futuro\t\t\t<\/a>\n\t\t<\/h3>\n\t\t\t\t<div class=\"elementor-post__meta-data\">\n\t\t\t\t\t<span class=\"elementor-post-date\">\n\t\t\t06\/01\/2024\t\t<\/span>\n\t\t\t\t<\/div>\n\t\t\t\t<\/div>\n\t\t\t\t<\/article>\n\t\t\t\t<article class=\"elementor-post elementor-grid-item post-122 post type-post status-publish format-standard has-post-thumbnail hentry category-sites\" role=\"listitem\">\n\t\t\t\t<a class=\"elementor-post__thumbnail__link\" href=\"https:\/\/josegil.zegil.com.br\/en\/2020\/09\/07\/manual-de-utilizacao-do-coolprop\/\" tabindex=\"-1\" >\n\t\t\t<div class=\"elementor-post__thumbnail\"><img loading=\"lazy\" decoding=\"async\" width=\"300\" height=\"142\" src=\"https:\/\/josegil.zegil.com.br\/wp-content\/uploads\/2020\/09\/image11-300x142.png\" class=\"attachment-medium size-medium wp-image-127\" alt=\"\" srcset=\"https:\/\/josegil.zegil.com.br\/wp-content\/uploads\/2020\/09\/image11-300x142.png 300w, https:\/\/josegil.zegil.com.br\/wp-content\/uploads\/2020\/09\/image11-600x283.png 600w, https:\/\/josegil.zegil.com.br\/wp-content\/uploads\/2020\/09\/image11-768x363.png 768w, https:\/\/josegil.zegil.com.br\/wp-content\/uploads\/2020\/09\/image11.png 845w\" sizes=\"(max-width: 300px) 100vw, 300px\" \/><\/div>\n\t\t<\/a>\n\t\t\t\t<div class=\"elementor-post__text\">\n\t\t\t\t<h3 class=\"elementor-post__title\">\n\t\t\t<a href=\"https:\/\/josegil.zegil.com.br\/en\/2020\/09\/07\/manual-de-utilizacao-do-coolprop\/\" >\n\t\t\t\tManual de utiliza\u00e7\u00e3o do CoolProp\t\t\t<\/a>\n\t\t<\/h3>\n\t\t\t\t<div class=\"elementor-post__meta-data\">\n\t\t\t\t\t<span class=\"elementor-post-date\">\n\t\t\t09\/07\/2020\t\t<\/span>\n\t\t\t\t<\/div>\n\t\t\t\t<\/div>\n\t\t\t\t<\/article>\n\t\t\t\t<article class=\"elementor-post elementor-grid-item post-73 post type-post status-publish format-standard has-post-thumbnail hentry category-sites tag-kanboard tag-projetos\" role=\"listitem\">\n\t\t\t\t<a class=\"elementor-post__thumbnail__link\" href=\"https:\/\/josegil.zegil.com.br\/en\/2020\/09\/06\/eprojetos-uma-plataforma-de-gerenciamento-de-projetos\/\" tabindex=\"-1\" >\n\t\t\t<div class=\"elementor-post__thumbnail\"><img loading=\"lazy\" decoding=\"async\" width=\"300\" height=\"142\" src=\"https:\/\/josegil.zegil.com.br\/wp-content\/uploads\/2020\/09\/image10-300x142.png\" class=\"attachment-medium size-medium wp-image-117\" alt=\"\" srcset=\"https:\/\/josegil.zegil.com.br\/wp-content\/uploads\/2020\/09\/image10-300x142.png 300w, https:\/\/josegil.zegil.com.br\/wp-content\/uploads\/2020\/09\/image10-600x283.png 600w, https:\/\/josegil.zegil.com.br\/wp-content\/uploads\/2020\/09\/image10-768x363.png 768w, https:\/\/josegil.zegil.com.br\/wp-content\/uploads\/2020\/09\/image10.png 845w\" sizes=\"(max-width: 300px) 100vw, 300px\" \/><\/div>\n\t\t<\/a>\n\t\t\t\t<div class=\"elementor-post__text\">\n\t\t\t\t<h3 class=\"elementor-post__title\">\n\t\t\t<a href=\"https:\/\/josegil.zegil.com.br\/en\/2020\/09\/06\/eprojetos-uma-plataforma-de-gerenciamento-de-projetos\/\" >\n\t\t\t\tEprojetos: uma Plataforma para Gerenciamento de Projetos\t\t\t<\/a>\n\t\t<\/h3>\n\t\t\t\t<div class=\"elementor-post__meta-data\">\n\t\t\t\t\t<span class=\"elementor-post-date\">\n\t\t\t09\/06\/2020\t\t<\/span>\n\t\t\t\t<\/div>\n\t\t\t\t<\/div>\n\t\t\t\t<\/article>\n\t\t\t\t<article class=\"elementor-post elementor-grid-item post-57 post type-post status-publish format-standard has-post-thumbnail hentry category-sites tag-carroflex tag-combustivel tag-consumo tag-economia\" role=\"listitem\">\n\t\t\t\t<a class=\"elementor-post__thumbnail__link\" href=\"https:\/\/josegil.zegil.com.br\/en\/2020\/09\/05\/acompanhe-o-consumo-do-seu-veiculo\/\" tabindex=\"-1\" >\n\t\t\t<div class=\"elementor-post__thumbnail\"><img loading=\"lazy\" decoding=\"async\" width=\"300\" height=\"167\" src=\"https:\/\/josegil.zegil.com.br\/wp-content\/uploads\/2020\/09\/image18-300x167.png\" class=\"attachment-medium size-medium wp-image-130\" alt=\"\" srcset=\"https:\/\/josegil.zegil.com.br\/wp-content\/uploads\/2020\/09\/image18-300x167.png 300w, https:\/\/josegil.zegil.com.br\/wp-content\/uploads\/2020\/09\/image18-600x334.png 600w, https:\/\/josegil.zegil.com.br\/wp-content\/uploads\/2020\/09\/image18-768x427.png 768w, https:\/\/josegil.zegil.com.br\/wp-content\/uploads\/2020\/09\/image18.png 845w\" sizes=\"(max-width: 300px) 100vw, 300px\" \/><\/div>\n\t\t<\/a>\n\t\t\t\t<div class=\"elementor-post__text\">\n\t\t\t\t<h3 class=\"elementor-post__title\">\n\t\t\t<a href=\"https:\/\/josegil.zegil.com.br\/en\/2020\/09\/05\/acompanhe-o-consumo-do-seu-veiculo\/\" >\n\t\t\t\tAcompanhe o Consumo do Seu Ve\u00edculo\t\t\t<\/a>\n\t\t<\/h3>\n\t\t\t\t<div class=\"elementor-post__meta-data\">\n\t\t\t\t\t<span class=\"elementor-post-date\">\n\t\t\t09\/05\/2020\t\t<\/span>\n\t\t\t\t<\/div>\n\t\t\t\t<\/div>\n\t\t\t\t<\/article>\n\t\t\t\t<\/div>\n\t\t\n\t\t\t\t\t\t<\/div>\n\t\t\t\t<\/div>\n\t\t\t\t\t<\/div>\n\t\t\t\t<\/div>\n\t\t\t\t<\/div>","protected":false},"excerpt":{"rendered":"<p>Publica\u00e7\u00f5es nossas publica\u00e7\u00f5es do blog Nossas Publica\u00e7\u00f5es<\/p>","protected":false},"author":2,"featured_media":0,"parent":0,"menu_order":0,"comment_status":"closed","ping_status":"closed","template":"elementor_header_footer","meta":{"_tutorstarter_page_metadata":[],"footnotes":""},"class_list":["post-14162","page","type-page","status-publish","hentry"],"_links":{"self":[{"href":"https:\/\/josegil.zegil.com.br\/en\/wp-json\/wp\/v2\/pages\/14162","targetHints":{"allow":["GET"]}}],"collection":[{"href":"https:\/\/josegil.zegil.com.br\/en\/wp-json\/wp\/v2\/pages"}],"about":[{"href":"https:\/\/josegil.zegil.com.br\/en\/wp-json\/wp\/v2\/types\/page"}],"author":[{"embeddable":true,"href":"https:\/\/josegil.zegil.com.br\/en\/wp-json\/wp\/v2\/users\/2"}],"replies":[{"embeddable":true,"href":"https:\/\/josegil.zegil.com.br\/en\/wp-json\/wp\/v2\/comments?post=14162"}],"version-history":[{"count":10,"href":"https:\/\/josegil.zegil.com.br\/en\/wp-json\/wp\/v2\/pages\/14162\/revisions"}],"predecessor-version":[{"id":14340,"href":"https:\/\/josegil.zegil.com.br\/en\/wp-json\/wp\/v2\/pages\/14162\/revisions\/14340"}],"wp:attachment":[{"href":"https:\/\/josegil.zegil.com.br\/en\/wp-json\/wp\/v2\/media?parent=14162"}],"curies":[{"name":"wp","href":"https:\/\/api.w.org\/{rel}","templated":true}]}}